{"id":2285,"date":"2023-05-03T17:35:09","date_gmt":"2023-05-03T20:35:09","guid":{"rendered":"http:\/\/taodesarrollos.com.ar\/tao\/?page_id=2285"},"modified":"2023-11-02T09:36:47","modified_gmt":"2023-11-02T12:36:47","slug":"casa-gaona","status":"publish","type":"page","link":"https:\/\/taodesarrollos.com.ar\/tao\/casa-gaona\/","title":{"rendered":"Casa Oneto Gaona"},"content":{"rendered":"<p>[vc_row css_animation=\u00bb\u00bb row_type=\u00bbrow\u00bb use_row_as_full_screen_section=\u00bbno\u00bb type=\u00bbfull_width\u00bb angled_section=\u00bbno\u00bb text_align=\u00bbleft\u00bb background_image_as_pattern=\u00bbwithout_pattern\u00bb][vc_column][vc_empty_space][\/vc_column][\/vc_row][vc_row css_animation=\u00bb\u00bb row_type=\u00bbrow\u00bb use_row_as_full_screen_section=\u00bbno\u00bb type=\u00bbgrid\u00bb angled_section=\u00bbno\u00bb text_align=\u00bbleft\u00bb background_image_as_pattern=\u00bbwithout_pattern\u00bb z_index=\u00bb\u00bb padding_bottom=\u00bb40&#8243;][vc_column width=\u00bb1\/2&#8243;][vc_empty_space][vc_single_image image=\u00bb2296&#8243; img_size=\u00bbfull\u00bb qode_css_animation=\u00bb\u00bb][\/vc_column][vc_column width=\u00bb1\/2&#8243;][vc_empty_space][vc_column_text css=\u00bb.vc_custom_1698928604730{padding-right: 35px !important;}\u00bb]<\/p>\n<h1><span style=\"color: #ff0000;\">Casa Oneto <\/span><span style=\"color: #ff0000;\">Gaona <\/span><\/h1>\n<p>[\/vc_column_text][vc_empty_space][vc_column_text css=\u00bb.vc_custom_1683145326503{padding-right: 35px !important;}\u00bb]<\/p>\n<h3>Vivir la ciudad desde otra perspectiva<\/h3>\n<p>Casa Oneto Gaona tambi\u00e9n proponemos una experiencia en la que se conjugan el valor de la arquitectura y un barrio con caracter\u00edsticas \u00fanicas. Ser parte de este concepto acompa\u00f1a la idea de pensar la ciudad como un organismo vivo que se transforma y adapta a los nuevos tiempos.<\/p>\n<p>Residencias de alta gama en Recoleta, Buenos Aires. <strong>Calle Uruguay 1174<\/strong><\/p>\n<p><strong>Cuando se apuesta a recuperar el patrimonio<\/strong><\/p>\n<p>El compromiso de los desarrolladores de este URBAN TAO los llev\u00f3 a convocar al premiado estudio Lacroze Miguens Prati de reconocida experiencia en rehabilitaci\u00f3n de edificios patrimoniales.[\/vc_column_text][vc_empty_space]<a  itemprop=\"url\" href=\"https:\/\/wa.me\/5492262571847?text=Me%20interesa%20m\u00e1s%20informaci\u00f3n%20sobre%20Casa%20Anchorena\" target=\"_self\"  class=\"qbutton  default\" style=\"\">COMUNICATE POR WHATSAPP<\/a>[vc_empty_space][\/vc_column][\/vc_row][vc_row css_animation=\u00bb\u00bb row_type=\u00bbrow\u00bb use_row_as_full_screen_section=\u00bbno\u00bb type=\u00bbgrid\u00bb angled_section=\u00bbno\u00bb text_align=\u00bbcenter\u00bb background_image_as_pattern=\u00bbwithout_pattern\u00bb css=\u00bb.vc_custom_1639079611215{background-color: #dd3333 !important;}\u00bb z_index=\u00bb\u00bb][vc_column][vc_empty_space][vc_column_text]<\/p>\n<h2 style=\"text-align: center;\"><span style=\"color: #ffffff;\">GALERIA<\/span><\/h2>\n<p>[\/vc_column_text][vc_empty_space][\/vc_column][\/vc_row][vc_row css_animation=\u00bb\u00bb row_type=\u00bbrow\u00bb use_row_as_full_screen_section=\u00bbno\u00bb type=\u00bbgrid\u00bb angled_section=\u00bbno\u00bb text_align=\u00bbleft\u00bb background_image_as_pattern=\u00bbwithout_pattern\u00bb z_index=\u00bb\u00bb][vc_column][vc_empty_space][vc_gallery type=\u00bbimage_grid\u00bb images=\u00bb2287,2288,2289,2290,2291,2292,2293,2294&#8243; img_size=\u00bb350&#215;350&#8243; column_number=\u00bb4&#8243; grayscale=\u00bbno\u00bb images_space=\u00bbgallery_without_space\u00bb][vc_empty_space][\/vc_column][\/vc_row][vc_row css_animation=\u00bb\u00bb row_type=\u00bbrow\u00bb use_row_as_full_screen_section=\u00bbno\u00bb type=\u00bbgrid\u00bb angled_section=\u00bbno\u00bb text_align=\u00bbcenter\u00bb background_image_as_pattern=\u00bbwithout_pattern\u00bb css=\u00bb.vc_custom_1653397194494{background-color: #ffffff !important;}\u00bb z_index=\u00bb\u00bb][vc_column width=\u00bb1\/6&#8243;][\/vc_column][vc_column width=\u00bb2\/3&#8243;][vc_empty_space][vc_video link=\u00bbhttps:\/\/www.youtube.com\/watch?v=sLiDxTuJWrw\u00bb align=\u00bbcenter\u00bb][vc_empty_space][\/vc_column][vc_column width=\u00bb1\/6&#8243;][\/vc_column][\/vc_row][vc_row css_animation=\u00bb\u00bb row_type=\u00bbrow\u00bb use_row_as_full_screen_section=\u00bbno\u00bb type=\u00bbgrid\u00bb angled_section=\u00bbno\u00bb text_align=\u00bbleft\u00bb background_image_as_pattern=\u00bbwithout_pattern\u00bb z_index=\u00bb\u00bb][vc_column][vc_empty_space][vc_row_inner row_type=\u00bbrow\u00bb type=\u00bbfull_width\u00bb text_align=\u00bbleft\u00bb css_animation=\u00bb\u00bb][vc_column_inner width=\u00bb1\/2&#8243;][vc_column_text]<\/p>\n<h3><span style=\"color: #ff0000;\">UBICACI\u00d3N<\/span><\/h3>\n<p>[\/vc_column_text][vc_empty_space height=\u00bb12px\u00bb][vc_gmaps link=\u00bb#E-8_JTNDaWZyYW1lJTIwc3JjJTNEJTIyaHR0cHMlM0ElMkYlMkZ3d3cuZ29vZ2xlLmNvbSUyRm1hcHMlMkZlbWJlZCUzRnBiJTNEJTIxMW0xOCUyMTFtMTIlMjExbTMlMjExZDMyODQuMzYxNzY3OTk0MDI3NiUyMTJkLTU4LjM5MDAyMDk4ODM0MTUlMjEzZC0zNC41OTUwMTI0NzI4NDQ2MiUyMTJtMyUyMTFmMCUyMTJmMCUyMTNmMCUyMTNtMiUyMTFpMTAyNCUyMTJpNzY4JTIxNGYxMy4xJTIxM20zJTIxMW0yJTIxMXMweDk1YmNjYWI5NDI2YzhkNTklMjUzQTB4MTFmNmQ0Nzg5NzdiZmI5YiUyMTJzVXJ1Z3VheSUyNTIwMTE3NCUyNTJDJTI1MjBDMTAxNkFDRCUyNTIwQ0FCQSUyMTVlMCUyMTNtMiUyMTFzZXMlMjEyc2FyJTIxNHYxNjgzMTQ2ODk1MTY1JTIxNW0yJTIxMXNlcyUyMTJzYXIlMjIlMjB3aWR0aCUzRCUyMjYwMCUyMiUyMGhlaWdodCUzRCUyMjQ1MCUyMiUyMHN0eWxlJTNEJTIyYm9yZGVyJTNBMCUzQiUyMiUyMGFsbG93ZnVsbHNjcmVlbiUzRCUyMiUyMiUyMGxvYWRpbmclM0QlMjJsYXp5JTIyJTIwcmVmZXJyZXJwb2xpY3klM0QlMjJuby1yZWZlcnJlci13aGVuLWRvd25ncmFkZSUyMiUzRSUzQyUyRmlmcmFtZSUzRQ==\u00bb][\/vc_column_inner][vc_column_inner width=\u00bb1\/2&#8243;][vc_column_text]<\/p>\n<h3><span style=\"color: #ff0000;\">CONSULTANOS<\/span><\/h3>\n<p>[\/vc_column_text][vc_empty_space height=\u00bb12px\u00bb]<div role=\"form\" class=\"wpcf7\" id=\"wpcf7-f799-o1\" lang=\"es-ES\" dir=\"ltr\">\n<div class=\"screen-reader-response\"><p role=\"status\" aria-live=\"polite\" aria-atomic=\"true\"><\/p> <ul><\/ul><\/div>\n<form action=\"\/tao\/wp-json\/wp\/v2\/pages\/2285#wpcf7-f799-o1\" method=\"post\" class=\"wpcf7-form init default\" novalidate=\"novalidate\" data-status=\"init\">\n<div style=\"display: none;\">\n<input type=\"hidden\" name=\"_wpcf7\" value=\"799\" \/>\n<input type=\"hidden\" name=\"_wpcf7_version\" value=\"5.5.6.1\" \/>\n<input type=\"hidden\" name=\"_wpcf7_locale\" value=\"es_ES\" \/>\n<input type=\"hidden\" name=\"_wpcf7_unit_tag\" value=\"wpcf7-f799-o1\" \/>\n<input type=\"hidden\" name=\"_wpcf7_container_post\" value=\"0\" \/>\n<input type=\"hidden\" name=\"_wpcf7_posted_data_hash\" value=\"\" \/>\n<\/div>\n<p><label> Tu nombre (requerido)<br \/>\n    <span class=\"wpcf7-form-control-wrap your-name\"><input type=\"text\" name=\"your-name\" value=\"\" size=\"40\" class=\"wpcf7-form-control wpcf7-text wpcf7-validates-as-required\" aria-required=\"true\" aria-invalid=\"false\" \/><\/span> <\/label><\/p>\n<p><label> Tu correo electr\u00f3nico (requerido)<br \/>\n    <span class=\"wpcf7-form-control-wrap your-email\"><input type=\"email\" name=\"your-email\" value=\"\" size=\"40\" class=\"wpcf7-form-control wpcf7-text wpcf7-email wpcf7-validates-as-required wpcf7-validates-as-email\" aria-required=\"true\" aria-invalid=\"false\" \/><\/span> <\/label><\/p>\n<p><label> Asunto<br \/>\n    <span class=\"wpcf7-form-control-wrap your-subject\"><input type=\"text\" name=\"your-subject\" value=\"\" size=\"40\" class=\"wpcf7-form-control wpcf7-text\" aria-invalid=\"false\" \/><\/span> <\/label><\/p>\n<p><label> Tu mensaje<br \/>\n    <span class=\"wpcf7-form-control-wrap your-message\"><textarea name=\"your-message\" cols=\"40\" rows=\"10\" class=\"wpcf7-form-control wpcf7-textarea\" aria-invalid=\"false\"><\/textarea><\/span> <\/label><\/p>\n<p><input type=\"submit\" value=\"Enviar\" class=\"wpcf7-form-control has-spinner wpcf7-submit\" \/><\/p>\n<div class=\"wpcf7-response-output\" aria-hidden=\"true\"><\/div><\/form><\/div>[\/vc_column_inner][\/vc_row_inner][\/vc_column][\/vc_row][vc_row css_animation=\u00bb\u00bb row_type=\u00bbrow\u00bb use_row_as_full_screen_section=\u00bbno\u00bb type=\u00bbfull_width\u00bb angled_section=\u00bbno\u00bb text_align=\u00bbleft\u00bb background_image_as_pattern=\u00bbwithout_pattern\u00bb][vc_column][\/vc_column][\/vc_row][vc_row css_animation=\u00bb\u00bb row_type=\u00bbrow\u00bb use_row_as_full_screen_section=\u00bbno\u00bb type=\u00bbgrid\u00bb angled_section=\u00bbno\u00bb text_align=\u00bbleft\u00bb background_image_as_pattern=\u00bbwithout_pattern\u00bb z_index=\u00bb\u00bb][vc_column][vc_empty_space][vc_empty_space][\/vc_column][\/vc_row]<\/p>\n","protected":false},"excerpt":{"rendered":"<p>[vc_row css_animation=\u00bb\u00bb row_type=\u00bbrow\u00bb use_row_as_full_screen_section=\u00bbno\u00bb type=\u00bbfull_width\u00bb angled_section=\u00bbno\u00bb text_align=\u00bbleft\u00bb background_image_as_pattern=\u00bbwithout_pattern\u00bb][vc_column][vc_empty_space][\/vc_column][\/vc_row][vc_row css_animation=\u00bb\u00bb row_type=\u00bbrow\u00bb use_row_as_full_screen_section=\u00bbno\u00bb type=\u00bbgrid\u00bb angled_section=\u00bbno\u00bb text_align=\u00bbleft\u00bb background_image_as_pattern=\u00bbwithout_pattern\u00bb z_index=\u00bb\u00bb padding_bottom=\u00bb40&#8243;][vc_column width=\u00bb1\/2&#8243;][vc_empty_space][vc_single_image image=\u00bb2296&#8243; img_size=\u00bbfull\u00bb qode_css_animation=\u00bb\u00bb][\/vc_column][vc_column width=\u00bb1\/2&#8243;][vc_empty_space][vc_column_text css=\u00bb.vc_custom_1698928604730{padding-right: 35px !important;}\u00bb] Casa Oneto Gaona [\/vc_column_text][vc_empty_space][vc_column_text css=\u00bb.vc_custom_1683145326503{padding-right: 35px !important;}\u00bb] Vivir la ciudad desde otra perspectiva Casa Oneto Gaona tambi\u00e9n proponemos una experiencia&#8230;<\/p>\n","protected":false},"author":1,"featured_media":0,"parent":0,"menu_order":0,"comment_status":"closed","ping_status":"closed","template":"full_width.php","meta":[],"_links":{"self":[{"href":"https:\/\/taodesarrollos.com.ar\/tao\/wp-json\/wp\/v2\/pages\/2285"}],"collection":[{"href":"https:\/\/taodesarrollos.com.ar\/tao\/wp-json\/wp\/v2\/pages"}],"about":[{"href":"https:\/\/taodesarrollos.com.ar\/tao\/wp-json\/wp\/v2\/types\/page"}],"author":[{"embeddable":true,"href":"https:\/\/taodesarrollos.com.ar\/tao\/wp-json\/wp\/v2\/users\/1"}],"replies":[{"embeddable":true,"href":"https:\/\/taodesarrollos.com.ar\/tao\/wp-json\/wp\/v2\/comments?post=2285"}],"version-history":[{"count":6,"href":"https:\/\/taodesarrollos.com.ar\/tao\/wp-json\/wp\/v2\/pages\/2285\/revisions"}],"predecessor-version":[{"id":2327,"href":"https:\/\/taodesarrollos.com.ar\/tao\/wp-json\/wp\/v2\/pages\/2285\/revisions\/2327"}],"wp:attachment":[{"href":"https:\/\/taodesarrollos.com.ar\/tao\/wp-json\/wp\/v2\/media?parent=2285"}],"curies":[{"name":"wp","href":"https:\/\/api.w.org\/{rel}","templated":true}]}}